{"id":2,"date":"2023-06-09T11:48:40","date_gmt":"2023-06-09T09:48:40","guid":{"rendered":"http:\/\/www.villacarqueiranne.com\/?page_id=2"},"modified":"2026-04-02T13:15:07","modified_gmt":"2026-04-02T11:15:07","slug":"page-d-exemple","status":"publish","type":"page","link":"https:\/\/villacarqueiranne.com\/","title":{"rendered":""},"content":{"rendered":"\n\n\n<h2 class=\"wp-block-heading\">R\u00e9servez votre villa d&rsquo;exception \u00e0 Carqueiranne<\/h2>\n\n\n\n<h2 class=\"wp-block-heading\"><\/h2>\n\n\n\n<div id=\"search-widget_IO312PWQ\"><\/div>\n\n\n<p><!-- \/wp:post-content --><!-- wp:heading {\"textAlign\":\"center\",\"style\":{\"typography\":{\"fontSize\":\"33px\"}}} --><\/p>\n<p><!-- \/wp:heading --><!-- wp:spacer {\"height\":\"40px\"} --><\/p>\n<p><!-- \/wp:spacer --><!-- wp:paragraph {\"align\":\"center\",\"style\":{\"typography\":{\"fontSize\":\"17px\",\"fontStyle\":\"normal\",\"fontWeight\":\"300\"}}} --><\/p>\n<p style=\"font-size: 17px; font-style: normal; font-weight: 300;\"><strong>Situ\u00e9es dans la r\u00e9sidence priv\u00e9e de la Californie, les villas allient confort et vue imprenable sur la M\u00e9diterran\u00e9e. Ces derni\u00e8res offrent un cadre id\u00e9al pour vos s\u00e9jours en famille ou entre amis.\u00a0Profitez de la tranquillit\u00e9 et de la beaut\u00e9 de la C\u00f4te d\u2019Azur tout en \u00e9tant \u00e0 proximit\u00e9 des plages et commerces.\u00a0Un lieu parfait pour se d\u00e9connecter dans un havre de paix.<\/strong><\/p>\n<p><!-- \/wp:paragraph --><!-- wp:spacer {\"height\":\"37px\"} --><\/p>\n<p><!-- \/wp:spacer --><!-- wp:heading {\"textAlign\":\"left\",\"style\":{\"typography\":{\"fontSize\":\"30px\"}}} --><\/p>\n<h2 style=\"font-size: 30px;\"><a href=\"https:\/\/villacarqueiranne.com\/index.php\/2023\/06\/15\/villa-palm-springs\/\">Villa Palm Springs<\/a><\/h2>\n<p><!-- \/wp:heading --><!-- wp:spacer {\"height\":\"25px\"} --><\/p>\n<p><a href=\"https:\/\/villacarqueiranne.com\/index.php\/2023\/06\/15\/villa-palm-springs\/\"><img loading=\"lazy\" decoding=\"async\" src=\"https:\/\/villacarqueiranne.com\/wp-content\/uploads\/2025\/01\/Palmspring_SD-LPB-10-2-edited-scaled.jpg\" alt=\"\" width=\"2560\" height=\"1439\" \/><\/a><\/p>\n<h2 aria-hidden=\"true\"><a href=\"https:\/\/villacarqueiranne.com\/index.php\/2023\/06\/29\/villa-pierre-de-bormes\/\">Villa Pierre de Bormes<\/a><\/h2>\n<p><a href=\"https:\/\/villacarqueiranne.com\/index.php\/2023\/06\/29\/villa-pierre-de-bormes\/\"><img loading=\"lazy\" decoding=\"async\" src=\"https:\/\/villacarqueiranne.com\/wp-content\/uploads\/2026\/02\/Gemini_Generated_Image_pp8o6qpp8o6qpp8o.png\" alt=\"\" width=\"2400\" height=\"1617\" \/><\/a><\/p>\n<p><!-- \/wp:spacer --><!-- wp:heading {\"textAlign\":\"left\",\"style\":{\"typography\":{\"fontSize\":\"30px\"}}} --><\/p>\n<h2 style=\"font-size: 30px;\"><a href=\"https:\/\/villacarqueiranne.com\/index.php\/2023\/06\/13\/villa-terracotta\/\">Villa Terracotta<\/a><\/h2>\n<p><!-- \/wp:heading --><!-- wp:spacer {\"height\":\"25px\"} --><\/p>\n<p><a href=\"https:\/\/villacarqueiranne.com\/index.php\/2023\/06\/13\/villa-terracotta\/\"><img loading=\"lazy\" decoding=\"async\" src=\"https:\/\/villacarqueiranne.com\/wp-content\/uploads\/2025\/01\/Terracotta_SD-LPB-03-edited-scaled.jpg\" alt=\"\" width=\"2560\" height=\"1440\" \/><\/a><\/p>\n<figure>\n<p><!-- \/wp:spacer --><\/p>\n<\/figure>\n<p><!-- \/wp:gallery --><!-- wp:spacer {\"height\":\"50px\"} --><\/p>\n<p><!-- \/wp:spacer --><!-- wp:buttons {\"layout\":{\"type\":\"flex\",\"justifyContent\":\"center\"}} --><\/p>\n<p><!-- wp:button --><\/p>\n<p><a href=\"https:\/\/www.villacarqueiranne.com\/index.php\/contact\/\">contactez-nous pour plus d&rsquo;informations<\/a><\/p>\n<p><!-- \/wp:button --><\/p>\n<p><!-- \/wp:buttons --><!-- wp:spacer --><\/p>\n<p><!-- \/wp:spacer --><!-- wp:paragraph --><\/p>\n<p><!-- \/wp:paragraph --><\/p>\n<p><!-- wp:html \/--><\/p>\n<p><!-- wp:paragraph --><\/p>\n<p><!-- \/wp:paragraph --><\/p>","protected":false},"excerpt":{"rendered":"<p>R\u00e9servez votre villa d&rsquo;exception \u00e0 Carqueiranne Situ\u00e9es dans la r\u00e9sidence priv\u00e9e de la Californie, les villas allient confort et vue imprenable sur la M\u00e9diterran\u00e9e. Ces derni\u00e8res offrent un cadre id\u00e9al pour vos s\u00e9jours en famille ou entre amis.\u00a0Profitez de la tranquillit\u00e9 et de la beaut\u00e9 de la C\u00f4te d\u2019Azur tout en \u00e9tant \u00e0 proximit\u00e9 des &hellip; <\/p>\n<p class=\"link-more\"><a href=\"https:\/\/villacarqueiranne.com\/\" class=\"more-link\">Lire la suite de<span class=\"screen-reader-text\">\u00ab\u00a0\u00a0\u00bb<\/span><\/a><\/p>\n","protected":false},"author":1,"featured_media":582,"parent":0,"menu_order":0,"comment_status":"closed","ping_status":"closed","template":"","meta":{"footnotes":""},"class_list":["post-2","page","type-page","status-publish","has-post-thumbnail","hentry"],"_links":{"self":[{"href":"https:\/\/villacarqueiranne.com\/index.php\/wp-json\/wp\/v2\/pages\/2","targetHints":{"allow":["GET"]}}],"collection":[{"href":"https:\/\/villacarqueiranne.com\/index.php\/wp-json\/wp\/v2\/pages"}],"about":[{"href":"https:\/\/villacarqueiranne.com\/index.php\/wp-json\/wp\/v2\/types\/page"}],"author":[{"embeddable":true,"href":"https:\/\/villacarqueiranne.com\/index.php\/wp-json\/wp\/v2\/users\/1"}],"replies":[{"embeddable":true,"href":"https:\/\/villacarqueiranne.com\/index.php\/wp-json\/wp\/v2\/comments?post=2"}],"version-history":[{"count":69,"href":"https:\/\/villacarqueiranne.com\/index.php\/wp-json\/wp\/v2\/pages\/2\/revisions"}],"predecessor-version":[{"id":827,"href":"https:\/\/villacarqueiranne.com\/index.php\/wp-json\/wp\/v2\/pages\/2\/revisions\/827"}],"wp:featuredmedia":[{"embeddable":true,"href":"https:\/\/villacarqueiranne.com\/index.php\/wp-json\/wp\/v2\/media\/582"}],"wp:attachment":[{"href":"https:\/\/villacarqueiranne.com\/index.php\/wp-json\/wp\/v2\/media?parent=2"}],"curies":[{"name":"wp","href":"https:\/\/api.w.org\/{rel}","templated":true}]}}