{"id":240,"date":"2023-06-20T10:47:32","date_gmt":"2023-06-20T08:47:32","guid":{"rendered":"https:\/\/www.villacarqueiranne.com\/?page_id=240"},"modified":"2025-08-09T13:10:09","modified_gmt":"2025-08-09T11:10:09","slug":"contact","status":"publish","type":"page","link":"https:\/\/villacarqueiranne.com\/index.php\/contact\/","title":{"rendered":"Contact"},"content":{"rendered":"\n<div class=\"forminator-ui forminator-custom-form forminator-custom-form-239 forminator-design--default  forminator_ajax\" data-forminator-render=\"0\" data-form=\"forminator-module-239\" data-uid=\"69e37174adb43\"><br\/><\/div><form\n\t\t\t\tid=\"forminator-module-239\"\n\t\t\t\tclass=\"forminator-ui forminator-custom-form forminator-custom-form-239 forminator-design--default  forminator_ajax\"\n\t\t\t\tmethod=\"post\"\n\t\t\t\tdata-forminator-render=\"0\"\n\t\t\t\tdata-form-id=\"239\"\n\t\t\t\t data-color-option=\"default\" data-design=\"default\" data-grid=\"open\" style=\"display: none;\"\n\t\t\t\tdata-uid=\"69e37174adb43\"\n\t\t\t><div role=\"alert\" aria-live=\"polite\" class=\"forminator-response-message forminator-error\" aria-hidden=\"true\"><\/div><div class=\"forminator-row\"><div id=\"name-1\" class=\"forminator-field-name forminator-col forminator-col-6 \"><div class=\"forminator-field\"><label for=\"forminator-field-name-1_69e37174adb43\" id=\"forminator-field-name-1_69e37174adb43-label\" class=\"forminator-label\">Pr\u00e9nom <span class=\"forminator-required\">*<\/span><\/label><input type=\"text\" name=\"name-1\" value=\"\" placeholder=\"Par exemple\u00a0: Franck\" id=\"forminator-field-name-1_69e37174adb43\" class=\"forminator-input forminator-name--field\" aria-required=\"true\" autocomplete=\"name\" \/><\/div><\/div><div id=\"name-2\" class=\"forminator-field-name forminator-col forminator-col-6 \"><div class=\"forminator-field\"><label for=\"forminator-field-name-2_69e37174adb43\" id=\"forminator-field-name-2_69e37174adb43-label\" class=\"forminator-label\">Nom<\/label><input type=\"text\" name=\"name-2\" value=\"\" placeholder=\"Par exemple\u00a0: Sinatra\" id=\"forminator-field-name-2_69e37174adb43\" class=\"forminator-input forminator-name--field\" aria-required=\"false\" autocomplete=\"name\" \/><\/div><\/div><\/div><div class=\"forminator-row\"><div id=\"phone-1\" class=\"forminator-field-phone forminator-col forminator-col-12 \"><div class=\"forminator-field\"><label for=\"forminator-field-phone-1_69e37174adb43\" id=\"forminator-field-phone-1_69e37174adb43-label\" class=\"forminator-label\">Num\u00e9ro de t\u00e9l\u00e9phone <span class=\"forminator-required\">*<\/span><\/label><input type=\"text\" name=\"phone-1\" value=\"\" placeholder=\"Par exemple\u00a0: +1 02 03 04 05\" id=\"forminator-field-phone-1_69e37174adb43\" class=\"forminator-input forminator-field--phone\" data-required=\"1\" aria-required=\"true\" autocomplete=\"off\" data-national_mode=\"disabled\" data-country=\"fr\" data-validation=\"international\" \/><\/div><\/div><\/div><div class=\"forminator-row\"><div id=\"email-1\" class=\"forminator-field-email forminator-col forminator-col-12 \"><div class=\"forminator-field\"><label for=\"forminator-field-email-1_69e37174adb43\" id=\"forminator-field-email-1_69e37174adb43-label\" class=\"forminator-label\">Adresse de messagerie <span class=\"forminator-required\">*<\/span><\/label><input type=\"email\" name=\"email-1\" value=\"\" placeholder=\"Par exemple\u00a0: franck@sinatra.com\" id=\"forminator-field-email-1_69e37174adb43\" class=\"forminator-input forminator-email--field\" data-required=\"true\" aria-required=\"true\" autocomplete=\"email\" \/><\/div><\/div><\/div><div class=\"forminator-row\"><div id=\"textarea-1\" class=\"forminator-field-textarea forminator-col forminator-col-12 \"><div class=\"forminator-field\"><label for=\"forminator-field-textarea-1_69e37174adb43\" id=\"forminator-field-textarea-1_69e37174adb43-label\" class=\"forminator-label\">Message<\/label><textarea name=\"textarea-1\" placeholder=\"Saisissez votre message\u2026\" id=\"forminator-field-textarea-1_69e37174adb43\" class=\"forminator-textarea\" rows=\"6\" style=\"min-height:140px;\" maxlength=\"180\" ><\/textarea><span id=\"forminator-field-textarea-1_69e37174adb43-description\" class=\"forminator-description\"><span data-limit=\"180\" data-type=\"characters\" data-editor=\"\">0 \/ 180<\/span><\/span><\/div><\/div><\/div><div class=\"forminator-row\"><div id=\"date-1\" class=\"forminator-field-date forminator-col forminator-col-6 \"><div class=\"forminator-field\"><label for=\"forminator-field-date-1-picker_69e37174adb43\" id=\"forminator-field-date-1-picker_69e37174adb43-label\" class=\"forminator-label\">Date<\/label><div class=\"forminator-input-with-icon\"><span class=\"forminator-icon-calendar\" aria-hidden=\"true\"><\/span><input autocomplete=\"off\" type=\"text\" size=\"1\" name=\"date-1\" value=\"18\/04\/2026\" placeholder=\"Choisissez une date de d\u00e9but de s\u00e9jour\" id=\"forminator-field-date-1-picker_69e37174adb43\" class=\"forminator-input forminator-datepicker\" data-required=\"\" data-format=\"dd\/mm\/yy\" data-restrict-type=\"\" data-restrict=\"\" data-start-year=\"1926\" data-end-year=\"2126\" data-past-dates=\"enable\" data-start-of-week=\"1\" data-start-date=\"\" data-end-date=\"\" data-start-field=\"\" data-end-field=\"\" data-start-offset=\"\" data-end-offset=\"\" data-disable-date=\"\" data-disable-range=\"\" aria-describedby=\"forminator-field-date-1-picker_69e37174adb43-description\" \/><\/div><span id=\"forminator-field-date-1-picker_69e37174adb43-description\" class=\"forminator-description\">Choisissez une date de d\u00e9but de s\u00e9jour<\/span><\/div><\/div><div id=\"date-2\" class=\"forminator-field-date forminator-col forminator-col-6 \"><div class=\"forminator-field\"><label for=\"forminator-field-date-2-picker_69e37174adb43\" id=\"forminator-field-date-2-picker_69e37174adb43-label\" class=\"forminator-label\">Date<\/label><div class=\"forminator-input-with-icon\"><span class=\"forminator-icon-calendar\" aria-hidden=\"true\"><\/span><input autocomplete=\"off\" type=\"text\" size=\"1\" name=\"date-2\" value=\"\" placeholder=\"Choisissez une date de fin de s\u00e9jour\" id=\"forminator-field-date-2-picker_69e37174adb43\" class=\"forminator-input forminator-datepicker\" data-required=\"\" data-format=\"dd\/mm\/yy\" data-restrict-type=\"\" data-restrict=\"\" data-start-year=\"2026\" data-end-year=\"2126\" data-past-dates=\"enable\" data-start-of-week=\"1\" data-start-date=\"2026-04-18\" data-end-date=\"\" data-start-field=\"\" data-end-field=\"\" data-start-offset=\"\" data-end-offset=\"\" data-disable-date=\"\" data-disable-range=\"\" aria-describedby=\"forminator-field-date-2-picker_69e37174adb43-description\" \/><\/div><span id=\"forminator-field-date-2-picker_69e37174adb43-description\" class=\"forminator-description\">Choisissez une date de fin de s\u00e9jour<\/span><\/div><\/div><\/div><div class=\"forminator-row\"><div id=\"select-1\" class=\"forminator-field-select forminator-col forminator-col-12 \"><div class=\"forminator-field\"><label for=\"forminator-form-239__field--select-1_69e37174adb43\" id=\"forminator-form-239__field--select-1_69e37174adb43-label\" class=\"forminator-label\">Villas de Carqueiranne<\/label><select  id=\"forminator-form-239__field--select-1_69e37174adb43\" class=\"forminator-select--field forminator-select2 forminator-select2-multiple\" data-required=\"\" name=\"select-1\" data-default-value=\"\" data-hidden-behavior=\"zero\" data-placeholder=\"Choisissez votre villa\" data-search=\"false\" data-search-placeholder=\"Choisissez votre villa\" data-checkbox=\"false\" data-allow-clear=\"false\" aria-labelledby=\"forminator-form-239__field--select-1_69e37174adb43-label\"><option value=\"\"  >Choisissez votre villa<\/option><option value=\"one\"  data-calculation=\"0\">Villa Terracotta<\/option><option value=\"two\"  data-calculation=\"0\">Villa Palm Springs<\/option><option value=\"Villa-Pierre-de-Bormes\"  data-calculation=\"0\">Villa Pierre de Bormes<\/option><\/select><\/div><\/div><\/div><div class=\"forminator-row\"><div id=\"number-1\" class=\"forminator-field-number forminator-col forminator-col-12 \"><div class=\"forminator-field\"><label for=\"forminator-field-number-1_69e37174adb43\" id=\"forminator-field-number-1_69e37174adb43-label\" class=\"forminator-label\">Nombre de voyageurs <span class=\"forminator-required\">*<\/span><\/label><input name=\"number-1\" value=\"Indiquez le nombre total de voyageurs - Villa Terracotta\" placeholder=\"Par exemple\u00a0: 10\" id=\"forminator-field-number-1_69e37174adb43\" class=\"forminator-input forminator-number--field\" inputmode=\"decimal\" data-required=\"1\" data-decimals=\"0\" aria-required=\"true\" data-inputmask=\"&#039;groupSeparator&#039;: &#039;&#039;, &#039;radixPoint&#039;: &#039;&#039;, &#039;digits&#039;: &#039;0&#039;\" data-hidden-behavior=\"zero\" type=\"number\" step=\"any\" min=\"1\" max=\"14\" \/><\/div><\/div><\/div><div class=\"forminator-row\"><div id=\"number-2\" class=\"forminator-field-number forminator-col forminator-col-12 \"><div class=\"forminator-field\"><label for=\"forminator-field-number-2_69e37174adb43\" id=\"forminator-field-number-2_69e37174adb43-label\" class=\"forminator-label\">Nombre de voyageurs <span class=\"forminator-required\">*<\/span><\/label><input name=\"number-2\" value=\"Indiquez le nombre total de voyageurs - Villa Palm Springs\" placeholder=\"Par exemple\u00a0: 10\" id=\"forminator-field-number-2_69e37174adb43\" class=\"forminator-input forminator-number--field\" inputmode=\"decimal\" data-required=\"1\" data-decimals=\"0\" aria-required=\"true\" data-inputmask=\"&#039;groupSeparator&#039;: &#039;&#039;, &#039;radixPoint&#039;: &#039;&#039;, &#039;digits&#039;: &#039;0&#039;\" data-hidden-behavior=\"zero\" type=\"number\" step=\"any\" min=\"1\" max=\"12\" \/><\/div><\/div><\/div><div class=\"forminator-row\"><div id=\"number-3\" class=\"forminator-field-number forminator-col forminator-col-12 \"><div class=\"forminator-field\"><label for=\"forminator-field-number-3_69e37174adb43\" id=\"forminator-field-number-3_69e37174adb43-label\" class=\"forminator-label\">Nombre de voyageurs <span class=\"forminator-required\">*<\/span><\/label><input name=\"number-3\" value=\"Indiquez le nombre total de voyageurs - Villa Pierre de Bormes\" placeholder=\"Par exemple\u00a0: 10\" id=\"forminator-field-number-3_69e37174adb43\" class=\"forminator-input forminator-number--field\" inputmode=\"decimal\" data-required=\"1\" data-decimals=\"0\" aria-required=\"true\" data-inputmask=\"&#039;groupSeparator&#039;: &#039;&#039;, &#039;radixPoint&#039;: &#039;&#039;, &#039;digits&#039;: &#039;0&#039;\" data-hidden-behavior=\"zero\" type=\"number\" step=\"any\" min=\"1\" max=\"8\" \/><\/div><\/div><\/div><input type=\"hidden\" name=\"referer_url\" value=\"\" \/><div class=\"forminator-row forminator-row-last\"><div class=\"forminator-col\"><div class=\"forminator-field\"><button class=\"forminator-button forminator-button-submit\">Envoyer le message<\/button><\/div><\/div><\/div><input type=\"hidden\" id=\"forminator_nonce\" name=\"forminator_nonce\" value=\"cc236ca59b\" \/><input type=\"hidden\" name=\"_wp_http_referer\" value=\"\/index.php\/wp-json\/wp\/v2\/pages\/240\" \/><input type=\"hidden\" name=\"form_id\" value=\"239\"><input type=\"hidden\" name=\"page_id\" value=\"240\"><input type=\"hidden\" name=\"form_type\" value=\"default\"><input type=\"hidden\" name=\"current_url\" value=\"https:\/\/villacarqueiranne.com\/index.php\/contact\/\"><input type=\"hidden\" name=\"render_id\" value=\"0\"><input type=\"hidden\" name=\"action\" value=\"forminator_submit_form_custom-forms\"><label for=\"input_12\" class=\"forminator-hidden\" aria-hidden=\"true\">Veuillez ne pas remplir ce champ. <input id=\"input_12\" type=\"text\" name=\"input_12\" value=\"\" autocomplete=\"off\"><\/label><\/form>\n","protected":false},"excerpt":{"rendered":"","protected":false},"author":1,"featured_media":0,"parent":0,"menu_order":0,"comment_status":"closed","ping_status":"closed","template":"","meta":{"footnotes":""},"class_list":["post-240","page","type-page","status-publish","hentry"],"_links":{"self":[{"href":"https:\/\/villacarqueiranne.com\/index.php\/wp-json\/wp\/v2\/pages\/240","targetHints":{"allow":["GET"]}}],"collection":[{"href":"https:\/\/villacarqueiranne.com\/index.php\/wp-json\/wp\/v2\/pages"}],"about":[{"href":"https:\/\/villacarqueiranne.com\/index.php\/wp-json\/wp\/v2\/types\/page"}],"author":[{"embeddable":true,"href":"https:\/\/villacarqueiranne.com\/index.php\/wp-json\/wp\/v2\/users\/1"}],"replies":[{"embeddable":true,"href":"https:\/\/villacarqueiranne.com\/index.php\/wp-json\/wp\/v2\/comments?post=240"}],"version-history":[{"count":7,"href":"https:\/\/villacarqueiranne.com\/index.php\/wp-json\/wp\/v2\/pages\/240\/revisions"}],"predecessor-version":[{"id":771,"href":"https:\/\/villacarqueiranne.com\/index.php\/wp-json\/wp\/v2\/pages\/240\/revisions\/771"}],"wp:attachment":[{"href":"https:\/\/villacarqueiranne.com\/index.php\/wp-json\/wp\/v2\/media?parent=240"}],"curies":[{"name":"wp","href":"https:\/\/api.w.org\/{rel}","templated":true}]}}