{"id":471,"date":"2024-03-25T16:31:18","date_gmt":"2024-03-25T15:31:18","guid":{"rendered":"https:\/\/villacarqueiranne.com\/?page_id=471"},"modified":"2025-08-09T13:05:07","modified_gmt":"2025-08-09T11:05:07","slug":"a-propos","status":"publish","type":"page","link":"https:\/\/villacarqueiranne.com\/index.php\/a-propos\/","title":{"rendered":"\u00c0 propos"},"content":{"rendered":"<p><\/p>\n<p style=\"font-style: normal; font-weight: 500; text-transform: none;\">Bienvenue sur le site des Villas de Carqueiranne, votre destination id\u00e9ale pour des vacances luxueuses et inoubliables sur la C\u00f4te d&rsquo;Azur. Situ\u00e9es sur \u00a0les collines de \u00ab\u00a0La Californie\u00a0\u00bb \u00e0 Carqueiranne, nos villas offrent des vues \u00e0 couper le souffle sur la M\u00e9diterran\u00e9e et la splendide flore locale.<\/p>\n<p><\/p>\n<h2 class=\"wp-block-heading\">Notre mission<\/h2>\n<p><\/p>\n<p>Notre mission est de vous offrir une exp\u00e9rience de vacances exceptionnelle, alliant luxe, confort et nature. Nous vous proposons\u00a0 des villas de qualit\u00e9 sup\u00e9rieure, associ\u00e9es \u00e0 un service personnalis\u00e9 pour rendre votre s\u00e9jour aussi relaxant et m\u00e9morable que possible.<\/p>\n<p><\/p>\n<h2 class=\"wp-block-heading\">Nos villas<\/h2>\n<p><\/p>\n<p>Nos villas de luxe sont soigneusement s\u00e9lectionn\u00e9es pour leur emplacement exclusif, leur\u00a0 d\u00e9coration \u00e9l\u00e9gante et leurs \u00e9quipements haut de gamme : piscines chauff\u00e9es avec terrasses vue mer, bains de soleil et salons de jardin, bars \u00e0 vin. Chaque villa est un havre de paix, offrant intimit\u00e9 et tranquillit\u00e9 tout en \u00e9tant \u00e0 proximit\u00e9 de toutes les activit\u00e9s et attractions de la r\u00e9gion.<\/p>\n<p><\/p>\n<h2 class=\"wp-block-heading\">Notre engagement<\/h2>\n<p><\/p>\n<p>Nous savons que chaque d\u00e9tail compte. C&rsquo;est pourquoi nous travaillons sans rel\u00e2che pour garantir que chacune des villas que nous proposons r\u00e9pond aux normes les plus \u00e9lev\u00e9es en confort et en s\u00e9curit\u00e9. De la s\u00e9lection rigoureuse des propri\u00e9t\u00e9s \u00e0 la coordination des services compl\u00e9mentaires, nous nous engageons \u00e0 vous offrir une exp\u00e9rience de voyage inoubliable.<\/p>\n<p><\/p>\t\t\n\t\t\t\t\t\t\t\t\t\t\t\t\t\t\t<img loading=\"lazy\" decoding=\"async\" width=\"950\" height=\"534\" src=\"https:\/\/villacarqueiranne.com\/wp-content\/uploads\/2025\/08\/almanarre-2-1024x576.webp\" alt=\"\" srcset=\"https:\/\/villacarqueiranne.com\/wp-content\/uploads\/2025\/08\/almanarre-2-1024x576.webp 1024w, https:\/\/villacarqueiranne.com\/wp-content\/uploads\/2025\/08\/almanarre-2-300x169.webp 300w, https:\/\/villacarqueiranne.com\/wp-content\/uploads\/2025\/08\/almanarre-2-768x432.webp 768w, https:\/\/villacarqueiranne.com\/wp-content\/uploads\/2025\/08\/almanarre-2-1536x864.webp 1536w, https:\/\/villacarqueiranne.com\/wp-content\/uploads\/2025\/08\/almanarre-2.webp 2000w\" sizes=\"auto, 100vw\" \/>\t\t\t\t\t\t\t\t\t\t\t\t\t\t\t\n\t\t<h2 style=\"padding-top: 0.625em;\">Les collines de \u00ab\u00a0La Californie\u00a0\u00bb<\/h2>\n<p>Nich\u00e9e sur \u00a0les collines de la Californie, nos villas vous permettent de vous immerger dans la beaut\u00e9 naturelle de la r\u00e9gion. Profitez de promenades relaxantes \u00e0 travers les jardins luxuriants, admirez la flore m\u00e9diterran\u00e9enne et laissez vous s\u00e9duire par les panoramas \u00e9poustouflants de la mer M\u00e9diterran\u00e9e.<\/p>\n<h2>Activit\u00e9s \u00e0 proximit\u00e9<\/h2>\n<p>Pour les amateurs de sports nautiques, notre emplacement est id\u00e9alement situ\u00e9 \u00e0 quelques minutes de la plage de l&rsquo;Almanarre, consid\u00e9r\u00e9 comme l&rsquo;un des meilleurs endroits au monde pour pratiquer le windsurf, le kitesurf, le wingfoil&#8230; Vous pourrez profiter des plong\u00e9es sous-marines et d\u00e9couvrir les fascinantes faunes et flores marines de la r\u00e9gion., ou louer un bateau pour d\u00e9couvrir les \u00eeles de Porquerolles et Port Cros (acc\u00e8s par navette possible depuis la Tour Fondue).<\/p>\n<ul>\n<li style=\"list-style-type: none;\">\n<ul>\n<li>Nombreuses plages et \u00e9v\u00e8nements \u00e0 proximit\u00e9 : plage de la Bergerie, plage de la Capte, soir\u00e9es d\u00e9gustations et jazz au ch\u00e2teau de Carqueiranne\u00a0<\/li>\n<\/ul>\n<\/li>\n<\/ul>\n<ul>\n<li style=\"list-style-type: none;\">\n<ul>\n<li>March\u00e9s et Puces : march\u00e9 du village (Carqueiranne, le jeudi), march\u00e9 du Pradet (le vendredi), march\u00e9 de Hy\u00e8res (le samedi), Puces de Hy\u00e8res (Magicword, le samedi et dimanche), puces de Saint-Nicolas (le samedi et le dimanche)<\/li>\n<\/ul>\n<\/li>\n<\/ul>\n<ul>\n<li style=\"list-style-type: none;\">\n<ul>\n<li>D\u00e9couverte des \u00eeles d\u2019or: Porquerolles avec la fondation Carmignac, Port Cros et ses balades dans la nature<\/li>\n<\/ul>\n<\/li>\n<\/ul>\n<ul>\n<li style=\"list-style-type: none;\">\n<ul>\n<li>D\u00e9couverte de la presqu&rsquo;\u00eele de Giens, du village de la Capte et du village de Giens<\/li>\n<\/ul>\n<\/li>\n<\/ul>\n<ul>\n<li style=\"list-style-type: none;\">\n<ul>\n<li>D\u00e9couverte de la ville de Hy\u00e8res, la villa Noailles<\/li>\n<\/ul>\n<\/li>\n<\/ul>\n<ul>\n<li style=\"list-style-type: none;\">\n<ul>\n<li>D\u00e9couverte de la ville de Toulon<\/li>\n<\/ul>\n<\/li>\n<\/ul>\n<ul>\n<li style=\"list-style-type: none;\">\n<ul>\n<li>Plus loin, le village perch\u00e9 de Bormes les Mimosas avec sa c\u00e9l\u00e8bre savonnerie\u00a0<\/li>\n<\/ul>\n<\/li>\n<\/ul>\t\t\n\t\t\t\t\t\t\t\t\t\t\t\t\t\t\t<img loading=\"lazy\" decoding=\"async\" width=\"950\" height=\"713\" src=\"https:\/\/villacarqueiranne.com\/wp-content\/uploads\/2025\/08\/almanarre-1024x768.jpeg\" alt=\"\" srcset=\"https:\/\/villacarqueiranne.com\/wp-content\/uploads\/2025\/08\/almanarre-1024x768.jpeg 1024w, https:\/\/villacarqueiranne.com\/wp-content\/uploads\/2025\/08\/almanarre-300x225.jpeg 300w, https:\/\/villacarqueiranne.com\/wp-content\/uploads\/2025\/08\/almanarre-768x576.jpeg 768w, https:\/\/villacarqueiranne.com\/wp-content\/uploads\/2025\/08\/almanarre.jpeg 1240w\" sizes=\"auto, 100vw\" \/>\t\t\t\t\t\t\t\t\t\t\t\t\t\t\t\n\t\t<h2><a href=\"https:\/\/villacarqueiranne.com\/index.php\/contact\/\">Contactez nous<\/a><\/h2>\n<p>Pour toute question ou pour r\u00e9server votre s\u00e9jour, n&rsquo;h\u00e9sitez pas \u00e0 nous contacter. Nous pouvons vous aider \u00e0 organiser votre arriv\u00e9e et \u00e0 planifier vos vacances de r\u00eave sur la splendide C\u00f4te d&rsquo;Azur. Nous sommes impatients de vous accueillir et de vous faire d\u00e9couvrir le meilleur de la C\u00f4te d\u2019Azur !\u00a0<\/p>","protected":false},"excerpt":{"rendered":"<p>Bienvenue sur le site des Villas de Carqueiranne, votre destination id\u00e9ale pour des vacances luxueuses et inoubliables sur la C\u00f4te d&rsquo;Azur. Situ\u00e9es sur \u00a0les collines de \u00ab\u00a0La Californie\u00a0\u00bb \u00e0 Carqueiranne, nos villas offrent des vues \u00e0 couper le souffle sur la M\u00e9diterran\u00e9e et la splendide flore locale. Notre mission Notre mission est de vous offrir &hellip; <\/p>\n<p class=\"link-more\"><a href=\"https:\/\/villacarqueiranne.com\/index.php\/a-propos\/\" class=\"more-link\">Lire la suite de<span class=\"screen-reader-text\">\u00ab\u00a0\u00c0 propos\u00a0\u00bb<\/span><\/a><\/p>\n","protected":false},"author":1,"featured_media":0,"parent":0,"menu_order":0,"comment_status":"closed","ping_status":"closed","template":"","meta":{"footnotes":""},"class_list":["post-471","page","type-page","status-publish","hentry"],"_links":{"self":[{"href":"https:\/\/villacarqueiranne.com\/index.php\/wp-json\/wp\/v2\/pages\/471","targetHints":{"allow":["GET"]}}],"collection":[{"href":"https:\/\/villacarqueiranne.com\/index.php\/wp-json\/wp\/v2\/pages"}],"about":[{"href":"https:\/\/villacarqueiranne.com\/index.php\/wp-json\/wp\/v2\/types\/page"}],"author":[{"embeddable":true,"href":"https:\/\/villacarqueiranne.com\/index.php\/wp-json\/wp\/v2\/users\/1"}],"replies":[{"embeddable":true,"href":"https:\/\/villacarqueiranne.com\/index.php\/wp-json\/wp\/v2\/comments?post=471"}],"version-history":[{"count":14,"href":"https:\/\/villacarqueiranne.com\/index.php\/wp-json\/wp\/v2\/pages\/471\/revisions"}],"predecessor-version":[{"id":765,"href":"https:\/\/villacarqueiranne.com\/index.php\/wp-json\/wp\/v2\/pages\/471\/revisions\/765"}],"wp:attachment":[{"href":"https:\/\/villacarqueiranne.com\/index.php\/wp-json\/wp\/v2\/media?parent=471"}],"curies":[{"name":"wp","href":"https:\/\/api.w.org\/{rel}","templated":true}]}}